{"id":18,"date":"2022-09-19T12:49:03","date_gmt":"2022-09-19T12:49:03","guid":{"rendered":"https:\/\/ju-jutsu-deiningen.de\/?page_id=18"},"modified":"2022-10-03T15:18:43","modified_gmt":"2022-10-03T15:18:43","slug":"chronik","status":"publish","type":"page","link":"https:\/\/ju-jutsu-deiningen.de\/?page_id=18","title":{"rendered":"Chronik"},"content":{"rendered":"\n<p><strong>Der erste Trainingsabend am 16. M\u00e4rz 1983, zu dem der Abteilungsgr\u00fcnder Hansj\u00f6rg Markl einlud, wurde ein voller Erfolg f\u00fcr die neue Abteilung. Es kamen nicht weniger als 75 Personen. Die kleine Halle platzte fast aus den N\u00e4hten. Aber wie bei allem Neuen ist der Reiz schnell verflogen, wenn die ersten Schwei\u00dftropfen flie\u00dfen. Nach einigen Wochen waren es noch ca. 35 Personen, die Ju-Jutsu erlernen wollten.<br>Von nun an begann der Aufbau der Abteilung. Einmal in der Woche wurden die Turnermatten ausgerollt und eineinhalb Stunden rannte der Schwei\u00df von der Stirn. Nat\u00fcrlich ging es bei einmal w\u00f6chentlichem Training nur in kleinen Schritten voran, aber nach zwei Jahren unerm\u00fcdlichen Trainings war die Zeit f\u00fcr die erste G\u00fcrtelpr\u00fcfung gekommen. Da die neue Abteilung nun auch Bestand hatte, wurden neue Judo-Matten angeschafft und es wurde ein zweiter \u00dcbungsabend eingef\u00fchrt.<br>Da Ju-Jutsu auch Wettkampf beinhaltet, stellten sich die Sportler erstmals im September 1986 bei einem freien Turnier den Gegnern. Davon angespornt nahmen sie in den n\u00e4chsten Jahren regelm\u00e4\u00dfig an den Meisterschaften bis zur Deutschen Meisterschaft teil. Die Erfolge reichen bis zum deutschen Jugendmeister.<br>Im Sommer 1991 startete ein Versuch, eine Kinder- und Jugendgruppe aufzubauen. In der Hoffnung, damit zehn bis f\u00fcnfzehn Kinder anzusprechen, kamen am ersten Abend aber ca. 35 Kinder. Seit geraumer Zeit hat die Abteilung eine Kinder- und eine Jugendtrainingsgruppe.<br>Im Januar 1998 \u00fcbergab der Abteilungsgr\u00fcnder und -leiter Hansj\u00f6rg Markl die Ju-Jutsu-Abteilung aus pers\u00f6nlichen Gr\u00fcnden an Frank Oefele. F\u00fcr sein Wirken und Vorbild gilt ihm gro\u00dfer Dank.<\/strong><\/p>\n","protected":false},"excerpt":{"rendered":"<p>Der erste Trainingsabend am 16. M\u00e4rz 1983, zu dem der Abteilungsgr\u00fcnder Hansj\u00f6rg Markl einlud, wurde ein voller Erfolg f\u00fcr die neue Abteilung. Es kamen nicht &hellip; <\/p>\n","protected":false},"author":1,"featured_media":0,"parent":16,"menu_order":2,"comment_status":"closed","ping_status":"closed","template":"","meta":[],"_links":{"self":[{"href":"https:\/\/ju-jutsu-deiningen.de\/index.php?rest_route=\/wp\/v2\/pages\/18"}],"collection":[{"href":"https:\/\/ju-jutsu-deiningen.de\/index.php?rest_route=\/wp\/v2\/pages"}],"about":[{"href":"https:\/\/ju-jutsu-deiningen.de\/index.php?rest_route=\/wp\/v2\/types\/page"}],"author":[{"embeddable":true,"href":"https:\/\/ju-jutsu-deiningen.de\/index.php?rest_route=\/wp\/v2\/users\/1"}],"replies":[{"embeddable":true,"href":"https:\/\/ju-jutsu-deiningen.de\/index.php?rest_route=%2Fwp%2Fv2%2Fcomments&post=18"}],"version-history":[{"count":5,"href":"https:\/\/ju-jutsu-deiningen.de\/index.php?rest_route=\/wp\/v2\/pages\/18\/revisions"}],"predecessor-version":[{"id":217,"href":"https:\/\/ju-jutsu-deiningen.de\/index.php?rest_route=\/wp\/v2\/pages\/18\/revisions\/217"}],"up":[{"embeddable":true,"href":"https:\/\/ju-jutsu-deiningen.de\/index.php?rest_route=\/wp\/v2\/pages\/16"}],"wp:attachment":[{"href":"https:\/\/ju-jutsu-deiningen.de\/index.php?rest_route=%2Fwp%2Fv2%2Fmedia&parent=18"}],"curies":[{"name":"wp","href":"https:\/\/api.w.org\/{rel}","templated":true}]}}