{"id":475,"date":"2026-03-05T14:36:26","date_gmt":"2026-03-05T14:36:26","guid":{"rendered":"https:\/\/ju-jutsu-deiningen.de\/?page_id=475"},"modified":"2026-03-05T14:36:26","modified_gmt":"2026-03-05T14:36:26","slug":"berichte-2026","status":"publish","type":"page","link":"https:\/\/ju-jutsu-deiningen.de\/?page_id=475","title":{"rendered":"Berichte 2026"},"content":{"rendered":"\n<h2>Landeslehrgang in Aichach<\/h2>\n\n\n<div class=\"wp-block-image\">\n<figure class=\"alignleft size-large is-resized\"><img loading=\"lazy\" src=\"https:\/\/ju-jutsu-deiningen.de\/wp-content\/uploads\/2026\/03\/IMG_20260221_170815a-829x1024.jpg\" alt=\"\" class=\"wp-image-476\" width=\"434\" height=\"536\" srcset=\"https:\/\/ju-jutsu-deiningen.de\/wp-content\/uploads\/2026\/03\/IMG_20260221_170815a-829x1024.jpg 829w, https:\/\/ju-jutsu-deiningen.de\/wp-content\/uploads\/2026\/03\/IMG_20260221_170815a-243x300.jpg 243w, https:\/\/ju-jutsu-deiningen.de\/wp-content\/uploads\/2026\/03\/IMG_20260221_170815a-768x948.jpg 768w, https:\/\/ju-jutsu-deiningen.de\/wp-content\/uploads\/2026\/03\/IMG_20260221_170815a-1244x1536.jpg 1244w, https:\/\/ju-jutsu-deiningen.de\/wp-content\/uploads\/2026\/03\/IMG_20260221_170815a-1659x2048.jpg 1659w\" sizes=\"(max-width: 434px) 100vw, 434px\" \/><figcaption><strong>Chris und Rachel Pompa, Frank Oefele, Michael Markl<\/strong><\/figcaption><\/figure><\/div>\n\n\n<p><strong>Bereits am Samstag, den 21.01.2026, fand in der TSV-Halle Aichach der Landeslehrgang Technik zum Thema \u201eW\u00fcrgen mit und ohne Stock\u201c statt \u2013 wobei der Schwerpunkt klar auf dem W\u00fcrgen mit dem Stock lag. Mit 40 Teilnehmerinnen und Teilnehmern war der Lehrgang sehr gut besucht.<\/strong><strong><br><br>Die beiden Referenten Johanna Wiedenmann und Martin Sieber verstanden es, uns vier Stunden lang intensiv mit drei verschiedenen W\u00fcrgern zu fordern und zu begeistern.<br>Vier Stunden lang drei W\u00fcrgevarianten \u2013 klingt eint\u00f6nig? Ganz im Gegenteil!<br>Unterschiedliche Angriffswinkel, die unbewaffnete Abwehr gegen den Stock, die Verteidigung mit dem eigenen Stock sowie immer wieder der flie\u00dfende \u00dcbergang in einen der drei W\u00fcrger sorgten f\u00fcr Abwechslung und Anspruch. Es war spannend, lehrreich \u2013 und die K\u00f6pfe rauchten!<\/strong><strong><\/strong><\/p>\n","protected":false},"excerpt":{"rendered":"<p>Landeslehrgang in Aichach Bereits am Samstag, den 21.01.2026, fand in der TSV-Halle Aichach der Landeslehrgang Technik zum Thema \u201eW\u00fcrgen mit und ohne Stock\u201c statt \u2013 &hellip; <\/p>\n","protected":false},"author":1,"featured_media":0,"parent":0,"menu_order":0,"comment_status":"closed","ping_status":"closed","template":"","meta":[],"_links":{"self":[{"href":"https:\/\/ju-jutsu-deiningen.de\/index.php?rest_route=\/wp\/v2\/pages\/475"}],"collection":[{"href":"https:\/\/ju-jutsu-deiningen.de\/index.php?rest_route=\/wp\/v2\/pages"}],"about":[{"href":"https:\/\/ju-jutsu-deiningen.de\/index.php?rest_route=\/wp\/v2\/types\/page"}],"author":[{"embeddable":true,"href":"https:\/\/ju-jutsu-deiningen.de\/index.php?rest_route=\/wp\/v2\/users\/1"}],"replies":[{"embeddable":true,"href":"https:\/\/ju-jutsu-deiningen.de\/index.php?rest_route=%2Fwp%2Fv2%2Fcomments&post=475"}],"version-history":[{"count":1,"href":"https:\/\/ju-jutsu-deiningen.de\/index.php?rest_route=\/wp\/v2\/pages\/475\/revisions"}],"predecessor-version":[{"id":477,"href":"https:\/\/ju-jutsu-deiningen.de\/index.php?rest_route=\/wp\/v2\/pages\/475\/revisions\/477"}],"wp:attachment":[{"href":"https:\/\/ju-jutsu-deiningen.de\/index.php?rest_route=%2Fwp%2Fv2%2Fmedia&parent=475"}],"curies":[{"name":"wp","href":"https:\/\/api.w.org\/{rel}","templated":true}]}}