{"id":60,"date":"2022-09-21T07:10:49","date_gmt":"2022-09-21T07:10:49","guid":{"rendered":"https:\/\/ju-jutsu-deiningen.de\/?page_id=60"},"modified":"2022-10-03T15:01:29","modified_gmt":"2022-10-03T15:01:29","slug":"kindertraining","status":"publish","type":"page","link":"https:\/\/ju-jutsu-deiningen.de\/?page_id=60","title":{"rendered":"Kindertraining"},"content":{"rendered":"\n<p><strong>Wenn du zwischen 6 und 16 Jahre alt bist und dich f\u00fcr eine spannende Sportart interessierst, dann bist du bei uns richtig.<br>M\u00e4dchen und Jungen treffen sich w\u00f6chentlich unter der Anleitung erfahrener \u00dcbungsleiter in zwei Gruppen der verschiedenen Altersstufen, um gemeinsam<br>&#8211; zu spielen und rumzutoben (meist am Beginn zum warmmachen)<br>&#8211; das richtige Fallen zu lernen (ohne sich weh zu tun)<br>&#8211; ein bisschen Bodenkampf zu \u00fcben (Rangeln und Festhalten am Boden)<br>&#8211; die anderen zu werfen (auch wenn sie gr\u00f6\u00dfer sind)<br>&#8211; auch mal zuzuschlagen (nicht den Partner, sondern spezielle Schlagkissen)<br>&#8211; den anderen zu respektieren<\/strong><\/p>\n\n\n\n<p><strong>Dabei wollen wir in erster Linie Spa\u00df an der Bewegung und am Sport haben.<br>F\u00fcr Kinder gibt es ein eigenes Pr\u00fcfungsprogramm. Hier wird in kleinen Schritten Jahr f\u00fcr Jahr das K\u00f6nnen gepr\u00fcft und der G\u00fcrtel bekommt eine neue Farbe.<\/strong><\/p>\n","protected":false},"excerpt":{"rendered":"<p>Wenn du zwischen 6 und 16 Jahre alt bist und dich f\u00fcr eine spannende Sportart interessierst, dann bist du bei uns richtig.M\u00e4dchen und Jungen treffen &hellip; <\/p>\n","protected":false},"author":1,"featured_media":0,"parent":56,"menu_order":2,"comment_status":"closed","ping_status":"closed","template":"","meta":[],"_links":{"self":[{"href":"https:\/\/ju-jutsu-deiningen.de\/index.php?rest_route=\/wp\/v2\/pages\/60"}],"collection":[{"href":"https:\/\/ju-jutsu-deiningen.de\/index.php?rest_route=\/wp\/v2\/pages"}],"about":[{"href":"https:\/\/ju-jutsu-deiningen.de\/index.php?rest_route=\/wp\/v2\/types\/page"}],"author":[{"embeddable":true,"href":"https:\/\/ju-jutsu-deiningen.de\/index.php?rest_route=\/wp\/v2\/users\/1"}],"replies":[{"embeddable":true,"href":"https:\/\/ju-jutsu-deiningen.de\/index.php?rest_route=%2Fwp%2Fv2%2Fcomments&post=60"}],"version-history":[{"count":5,"href":"https:\/\/ju-jutsu-deiningen.de\/index.php?rest_route=\/wp\/v2\/pages\/60\/revisions"}],"predecessor-version":[{"id":209,"href":"https:\/\/ju-jutsu-deiningen.de\/index.php?rest_route=\/wp\/v2\/pages\/60\/revisions\/209"}],"up":[{"embeddable":true,"href":"https:\/\/ju-jutsu-deiningen.de\/index.php?rest_route=\/wp\/v2\/pages\/56"}],"wp:attachment":[{"href":"https:\/\/ju-jutsu-deiningen.de\/index.php?rest_route=%2Fwp%2Fv2%2Fmedia&parent=60"}],"curies":[{"name":"wp","href":"https:\/\/api.w.org\/{rel}","templated":true}]}}