{"id":86,"date":"2022-09-21T09:40:04","date_gmt":"2022-09-21T09:40:04","guid":{"rendered":"https:\/\/ju-jutsu-deiningen.de\/?page_id=86"},"modified":"2026-01-23T15:07:18","modified_gmt":"2026-01-23T15:07:18","slug":"infos","status":"publish","type":"page","link":"https:\/\/ju-jutsu-deiningen.de\/?page_id=86","title":{"rendered":"Infos"},"content":{"rendered":"\n<h2>Weiterf\u00fchrende Links<\/h2>\n\n\n\n<div class=\"wp-block-media-text alignwide is-stacked-on-mobile\" style=\"grid-template-columns:15% auto\"><figure class=\"wp-block-media-text__media\"><a href=\"https:\/\/www.spvgg-deiningen.de\/\" target=\"_blank\" rel=\"noreferrer noopener\"><img loading=\"lazy\" width=\"169\" height=\"195\" src=\"https:\/\/ju-jutsu-deiningen.de\/wp-content\/uploads\/2022\/09\/SpVgg.jpg\" alt=\"\" class=\"wp-image-42 size-full\"\/><\/a><\/figure><div class=\"wp-block-media-text__content\">\n<p><\/p>\n\n\n<div class=\"wp-block-image\">\n<figure class=\"alignright size-full is-resized\"><a href=\"https:\/\/www.djjv.de\/startseite\" target=\"_blank\" rel=\"noreferrer noopener\"><img loading=\"lazy\" src=\"https:\/\/ju-jutsu-deiningen.de\/wp-content\/uploads\/2022\/09\/logo_DJJV.png\" alt=\"\" class=\"wp-image-91\" width=\"396\" height=\"96\" srcset=\"https:\/\/ju-jutsu-deiningen.de\/wp-content\/uploads\/2022\/09\/logo_DJJV.png 335w, https:\/\/ju-jutsu-deiningen.de\/wp-content\/uploads\/2022\/09\/logo_DJJV-300x73.png 300w\" sizes=\"(max-width: 396px) 100vw, 396px\" \/><\/a><\/figure><\/div>\n\n\n<figure class=\"wp-block-image size-large is-resized\"><a href=\"https:\/\/www.jjvb.de\/\" target=\"_blank\" rel=\"noreferrer noopener\"><img loading=\"lazy\" src=\"https:\/\/ju-jutsu-deiningen.de\/wp-content\/uploads\/2022\/09\/Logo_jjvb-1-1024x673.png\" alt=\"\" class=\"wp-image-90\" width=\"168\" height=\"110\" srcset=\"https:\/\/ju-jutsu-deiningen.de\/wp-content\/uploads\/2022\/09\/Logo_jjvb-1-1024x673.png 1024w, https:\/\/ju-jutsu-deiningen.de\/wp-content\/uploads\/2022\/09\/Logo_jjvb-1-300x197.png 300w, https:\/\/ju-jutsu-deiningen.de\/wp-content\/uploads\/2022\/09\/Logo_jjvb-1-768x504.png 768w, https:\/\/ju-jutsu-deiningen.de\/wp-content\/uploads\/2022\/09\/Logo_jjvb-1.png 1078w\" sizes=\"(max-width: 168px) 100vw, 168px\" \/><\/a><\/figure>\n\n\n\n<p><\/p>\n<\/div><\/div>\n\n\n<div class=\"wp-block-image\">\n<figure class=\"alignleft size-full is-resized\"><a href=\"https:\/\/www.ju-jutsu-donauwoerth.de\/\" target=\"_blank\" rel=\"noreferrer noopener\"><img loading=\"lazy\" src=\"https:\/\/ju-jutsu-deiningen.de\/wp-content\/uploads\/2025\/07\/Logo_Don.jpg\" alt=\"\" class=\"wp-image-414\" width=\"259\" height=\"159\" srcset=\"https:\/\/ju-jutsu-deiningen.de\/wp-content\/uploads\/2025\/07\/Logo_Don.jpg 538w, https:\/\/ju-jutsu-deiningen.de\/wp-content\/uploads\/2025\/07\/Logo_Don-300x184.jpg 300w\" sizes=\"(max-width: 259px) 100vw, 259px\" \/><\/a><\/figure><\/div>\n\n\n<p><strong>Befreundeter Verein aus Donauw\u00f6rth<\/strong><\/p>\n\n\n\n<p><\/p>\n\n\n\n<p><\/p>\n\n\n\n<p><\/p>\n\n\n\n<h2>Downloads <\/h2>\n\n\n\n<p><strong><a href=\"https:\/\/ju-jutsu-deiningen.de\/wp-content\/uploads\/2022\/09\/etikette_des_ju-jutsu.pdf\" data-type=\"attachment\" data-id=\"101\" target=\"_blank\" rel=\"noreferrer noopener\">Etikette &#8211; Verhalten im Training<\/a><\/strong><\/p>\n\n\n\n<p><strong><a href=\"https:\/\/www.youtube.com\/@JuJutsuVerbandBayern\/videos\" target=\"_blank\" rel=\"noreferrer noopener\">Techniksammlung des JJVB<\/a><\/strong><\/p>\n\n\n\n<p><strong><a href=\"https:\/\/jjvb.de\/sport\/breitensport\/prufung\/#toc_Downloads_Prufung\" target=\"_blank\" rel=\"noreferrer noopener\">Pr\u00fcfungsvorlagen des JJVB<\/a><\/strong>   Hier gibt es die Pr\u00fcfungsvorlagen (nicht Pr\u00fcfungshilfslisten) im PDF- oder Word-Format<\/p>\n","protected":false},"excerpt":{"rendered":"<p>Weiterf\u00fchrende Links Befreundeter Verein aus Donauw\u00f6rth Downloads Etikette &#8211; Verhalten im Training Techniksammlung des JJVB Pr\u00fcfungsvorlagen des JJVB Hier gibt es die Pr\u00fcfungsvorlagen (nicht Pr\u00fcfungshilfslisten) &hellip; <\/p>\n","protected":false},"author":1,"featured_media":0,"parent":5,"menu_order":1,"comment_status":"closed","ping_status":"closed","template":"","meta":[],"_links":{"self":[{"href":"https:\/\/ju-jutsu-deiningen.de\/index.php?rest_route=\/wp\/v2\/pages\/86"}],"collection":[{"href":"https:\/\/ju-jutsu-deiningen.de\/index.php?rest_route=\/wp\/v2\/pages"}],"about":[{"href":"https:\/\/ju-jutsu-deiningen.de\/index.php?rest_route=\/wp\/v2\/types\/page"}],"author":[{"embeddable":true,"href":"https:\/\/ju-jutsu-deiningen.de\/index.php?rest_route=\/wp\/v2\/users\/1"}],"replies":[{"embeddable":true,"href":"https:\/\/ju-jutsu-deiningen.de\/index.php?rest_route=%2Fwp%2Fv2%2Fcomments&post=86"}],"version-history":[{"count":19,"href":"https:\/\/ju-jutsu-deiningen.de\/index.php?rest_route=\/wp\/v2\/pages\/86\/revisions"}],"predecessor-version":[{"id":473,"href":"https:\/\/ju-jutsu-deiningen.de\/index.php?rest_route=\/wp\/v2\/pages\/86\/revisions\/473"}],"up":[{"embeddable":true,"href":"https:\/\/ju-jutsu-deiningen.de\/index.php?rest_route=\/wp\/v2\/pages\/5"}],"wp:attachment":[{"href":"https:\/\/ju-jutsu-deiningen.de\/index.php?rest_route=%2Fwp%2Fv2%2Fmedia&parent=86"}],"curies":[{"name":"wp","href":"https:\/\/api.w.org\/{rel}","templated":true}]}}